{"id":264,"date":"2017-11-05T14:32:26","date_gmt":"2017-11-05T13:32:26","guid":{"rendered":"http:\/\/happy-surf-hurghada.com\/?page_id=264"},"modified":"2017-11-16T16:58:17","modified_gmt":"2017-11-16T15:58:17","slug":"impressum-2","status":"publish","type":"page","link":"https:\/\/happy-surf-hurghada.com\/index.php\/impressum-2\/","title":{"rendered":"Impressum"},"content":{"rendered":"<p><span id=\"result_box\" class=\"\" lang=\"en\"><span title=\"Angaben gem\u00e4\u00df \u00a7 5 TMG: \"><strong>According to \u00a7 5 TMG:<\/strong><\/span><\/span><\/p>\n<p><span title=\"Louis Schneider \">Louis Schneider<br \/>\n<\/span><span title=\"Happy Surf Hurghada \">Happy Surf Hurghada<br \/>\n<\/span><span title=\"Kreuzgasse 3 \">Kreuzgasse 3<br \/>\n<\/span><span title=\"07743 Jena \">07743 Jena<\/span><\/p>\n<p>Tarek Eltayeb Mohamed<br \/>\nContinental Hotel Hurghada<br \/>\nEl Fareek Youssef Affifi Street<br \/>\nHurghada<br \/>\nEgypt<\/p>\n<p><span title=\"Kontakt: \"><strong>Contact:<\/strong><\/span><\/p>\n<p><span title=\"Telefon: 004915773454574 \">Telephone: 004915773454574<br \/>\n<\/span><span title=\"E-Mail: info@happy-surf-hurghada.com \">E-Mail: surf.hurghada@gmail.com<br \/>\n<\/span><\/p>\n<p><span title=\"Streitschlichtung \"><strong>dispute settlement<\/strong><\/span><\/p>\n<p><span title=\"Wir sind nicht bereit oder verpflichtet, an Streitbeilegungsverfahren vor einer \">We are not willing or obliged to dispute resolution before any<br \/>\n<\/span><span title=\"Verbraucherschlichtungsstelle teilzunehmen. \">Consumer Advice Bureau.<\/span><\/p>\n<p><span title=\"Haftung f\u00fcr Inhalte \"><strong>Liability for content<\/strong><\/span><\/p>\n<p><span title=\"Als Diensteanbieter sind wir gem\u00e4\u00df \u00a7 7 Abs.1 TMG f\u00fcr eigene Inhalte auf diesen Seiten \">As a service provider, we are in accordance with \u00a7 7 Abs.1 TMG for their own content on these pages<br \/>\n<\/span><span title=\"nach den allgemeinen Gesetzen verantwortlich.\">responsible under the general laws. <\/span><span title=\"Nach \u00a7\u00a7 8 bis 10 TMG sind wir als \">According to \u00a7\u00a7 8 to 10 TMG we are as<br \/>\n<\/span><span title=\"Diensteanbieter jedoch nicht verpflichtet, \u00fcbermittelte oder gespeicherte fremde Informationen zu \">However, service providers are not obligated to transmit or store third party information<br \/>\n<\/span><span title=\"\u00fcberwachen oder nach Umst\u00e4nden zu forschen, die auf eine rechtswidrige T\u00e4tigkeit \">monitor or investigate circumstances that indicate unlawful activity<br \/>\n<\/span><span title=\"hinweisen. \">point out.<\/span><\/p>\n<p><span title=\"Verpflichtungen zur Entfernung oder Sperrung der Nutzung von Informationen nach \">Obligations to remove or block the use of information<br \/>\n<\/span><span title=\"den allgemeinen Gesetzen bleiben hiervon unber\u00fchrt.\">the general laws remain unaffected. <\/span><span title=\"Eine diesbez\u00fcgliche Haftung ist jedoch \">A liability in this regard is however<br \/>\n<\/span><span title=\"erst ab dem Zeitpunkt der Kenntnis einer konkreten Rechtsverletzung m\u00f6glich.\">only possible from the moment of knowledge of a specific infringement. <\/span><span title=\"Bei Bekanntwerden \">Upon becoming known<br \/>\n<\/span><span title=\"von entsprechenden Rechtsverletzungen werden wir diese Inhalte umgehend entfernen. \">We will immediately remove such content from such violations.<\/span><\/p>\n<p><span title=\"Haftung f\u00fcr Links \"><strong>Liability for links<\/strong><\/span><\/p>\n<p><span title=\"Unser Angebot enth\u00e4lt Links zu externen Webseiten Dritter, auf \">Our offer contains links to external websites of third parties<br \/>\n<\/span><span title=\"deren Inhalte wir keinen Einfluss haben.\">whose contents we have no influence. <\/span><span title=\"Deshalb k\u00f6nnen wir f\u00fcr diese fremden Inhalte auch \">That&#8217;s why we can for this foreign content as well<br \/>\n<\/span><span title=\"keine Gew\u00e4hr \u00fcbernehmen.\">assume no liability. <\/span><span title=\"F\u00fcr die Inhalte der verlinkten Seiten ist stets der jeweilige \">For the contents of the linked pages is always the respective<br \/>\n<\/span><span title=\"Anbieter oder Betreiber der Seiten verantwortlich.\">Provider or operator of the pages responsible. <\/span><span title=\"Die verlinkten Seiten wurden zum Zeitpunkt der \">The linked pages were at the time of<br \/>\n<\/span><span title=\"Verlinkung auf m\u00f6gliche Rechtsverst\u00f6\u00dfe \u00fcberpr\u00fcft.\">Linking checked for possible legal violations. <\/span><span title=\"Rechtswidrige Inhalte \">Unlawful content<br \/>\n<\/span><span title=\"waren zum Zeitpunkt der Verlinkung nicht erkennbar. \">were not recognizable at the time of linking.<\/span><\/p>\n<p><span title=\"Eine permanente inhaltliche Kontrolle der \">A permanent content control of the<br \/>\n<\/span><span title=\"verlinkten Seiten ist jedoch ohne konkrete Anhaltspunkte einer Rechtsverletzung nicht zumutbar.\">However, linked pages are unreasonable without concrete evidence of an infringement. <\/span><span title=\"Bei \">at<br \/>\n<\/span><span title=\"Bekanntwerden von Rechtsverletzungen werden wir derartige Links umgehend entfernen. \">If we become aware of violations, we will remove such links immediately.<\/span><\/p>\n<p><span title=\"Urheberrecht \"><strong>copyright<\/strong><\/span><\/p>\n<p><span title=\"Die durch die Seitenbetreiber erstellten Inhalte und Werke auf diesen Seiten \">The content created by the site operators and works on these pages<br \/>\n<\/span><span title=\"unterliegen dem deutschen Urheberrecht.\">are subject to German copyright law. <\/span><span title=\"Die Vervielf\u00e4ltigung, Bearbeitung, Verbreitung und jede \">Duplication, editing, distribution and each<br \/>\n<\/span><span title=\"Art der Verwertung au\u00dferhalb der Grenzen des Urheberrechtes bed\u00fcrfen der schriftlichen \">Type of exploitation outside the limits of copyright require the written<br \/>\n<\/span><span title=\"Zustimmung des jeweiligen Autors bzw. Erstellers.\">Approval of the respective author or creator. <\/span><span title=\"Downloads und Kopien dieser Seite sind nur f\u00fcr \">Downloads and copies of this site are for<br \/>\n<\/span><span title=\"den privaten, nicht kommerziellen Gebrauch gestattet. \">private, non-commercial use.<\/span><\/p>\n<p><span title=\"Soweit die Inhalte auf dieser Seite nicht \">As far as the content on this page is not<br \/>\n<\/span><span title=\"vom Betreiber erstellt wurden, werden die Urheberrechte Dritter beachtet.\">are created by the operator, the copyrights of third parties are respected. <\/span><span title=\"Insbesondere werden Inhalte \">In particular, content becomes<br \/>\n<\/span><span title=\"Dritter als solche gekennzeichnet.\">Third identified as such. <\/span><span title=\"Sollten Sie trotzdem auf eine Urheberrechtsverletzung aufmerksam \">Should you nevertheless be aware of a copyright infringement<br \/>\n<\/span><span title=\"werden, bitten wir um einen entsprechenden Hinweis.\">We kindly ask for a note. <\/span><span title=\"Bei Bekanntwerden von Rechtsverletzungen \">Upon notification of violations<br \/>\n<\/span><span title=\"werden wir derartige Inhalte umgehend entfernen. \">we will remove such content immediately.<\/span><\/p>\n<p><span title=\"Quelle: \">Source:<br \/>\n<\/span><span title=\"eRecht24\">eRecht24<\/span><\/p>\n","protected":false},"excerpt":{"rendered":"<p>According to \u00a7 5 TMG: Louis Schneider Happy Surf Hurghada Kreuzgasse 3 07743 Jena Tarek Eltayeb Mohamed Continental Hotel Hurghada El Fareek Youssef Affifi Street Hurghada Egypt Contact: Telephone: 004915773454574 E-Mail: surf.hurghada@gmail.com dispute settlement We are not willing or obliged to dispute resolution before any Consumer Advice Bureau. Liability for content As a service provider,&hellip;<a href=\"https:\/\/happy-surf-hurghada.com\/index.php\/impressum-2\/\" class=\"more-link\">Continue reading <span class=\"screen-reader-text\">Impressum<\/span><\/a><\/p>\n","protected":false},"author":1,"featured_media":0,"parent":0,"menu_order":0,"comment_status":"closed","ping_status":"closed","template":"","meta":{"footnotes":""},"_links":{"self":[{"href":"https:\/\/happy-surf-hurghada.com\/index.php\/wp-json\/wp\/v2\/pages\/264"}],"collection":[{"href":"https:\/\/happy-surf-hurghada.com\/index.php\/wp-json\/wp\/v2\/pages"}],"about":[{"href":"https:\/\/happy-surf-hurghada.com\/index.php\/wp-json\/wp\/v2\/types\/page"}],"author":[{"embeddable":true,"href":"https:\/\/happy-surf-hurghada.com\/index.php\/wp-json\/wp\/v2\/users\/1"}],"replies":[{"embeddable":true,"href":"https:\/\/happy-surf-hurghada.com\/index.php\/wp-json\/wp\/v2\/comments?post=264"}],"version-history":[{"count":3,"href":"https:\/\/happy-surf-hurghada.com\/index.php\/wp-json\/wp\/v2\/pages\/264\/revisions"}],"predecessor-version":[{"id":276,"href":"https:\/\/happy-surf-hurghada.com\/index.php\/wp-json\/wp\/v2\/pages\/264\/revisions\/276"}],"wp:attachment":[{"href":"https:\/\/happy-surf-hurghada.com\/index.php\/wp-json\/wp\/v2\/media?parent=264"}],"curies":[{"name":"wp","href":"https:\/\/api.w.org\/{rel}","templated":true}]}}