{"id":253,"date":"2017-11-05T14:18:58","date_gmt":"2017-11-05T13:18:58","guid":{"rendered":"http:\/\/happy-surf-hurghada.com\/?page_id=253"},"modified":"2017-11-16T16:57:05","modified_gmt":"2017-11-16T15:57:05","slug":"impressum","status":"publish","type":"page","link":"https:\/\/happy-surf-hurghada.com\/index.php\/de\/impressum\/","title":{"rendered":"Impressum"},"content":{"rendered":"<p><strong>Angaben gem\u00e4\u00df \u00a7 5 TMG:<\/strong><\/p>\n<p>Louis Schneider<br \/>\nHappy Surf Hurghada<br \/>\nKreuzgasse 3<br \/>\n07743 Jena<\/p>\n<p>&nbsp;<\/p>\n<p>Tarek Eltayeb Mohamed<br \/>\nContinental Hotel Hurghada<br \/>\nEl Fareek Youssef Affifi Street<br \/>\nHurghada<br \/>\nEgypt<\/p>\n<p><strong>Kontakt:<\/strong><\/p>\n<p>Telefon: 004915773454574<br \/>\nE-Mail: surf.hurghada@gmail.com<\/p>\n<p>&nbsp;<\/p>\n<p><strong>Streitschlichtung<\/strong><\/p>\n<p>Wir sind nicht bereit oder verpflichtet, an Streitbeilegungsverfahren vor einer<br \/>\nVerbraucherschlichtungsstelle teilzunehmen.<\/p>\n<p><strong>Haftung f\u00fcr Inhalte<\/strong><\/p>\n<p>Als Diensteanbieter sind wir gem\u00e4\u00df \u00a7 7 Abs.1 TMG f\u00fcr eigene Inhalte auf diesen Seiten<br \/>\nnach den allgemeinen Gesetzen verantwortlich. Nach \u00a7\u00a7 8 bis 10 TMG sind wir als<br \/>\nDiensteanbieter jedoch nicht verpflichtet, \u00fcbermittelte oder gespeicherte fremde Informationen zu<br \/>\n\u00fcberwachen oder nach Umst\u00e4nden zu forschen, die auf eine rechtswidrige T\u00e4tigkeit<br \/>\nhinweisen.<\/p>\n<p>Verpflichtungen zur Entfernung oder Sperrung der Nutzung von Informationen nach<br \/>\nden allgemeinen Gesetzen bleiben hiervon unber\u00fchrt. Eine diesbez\u00fcgliche Haftung ist jedoch<br \/>\nerst ab dem Zeitpunkt der Kenntnis einer konkreten Rechtsverletzung m\u00f6glich. Bei Bekanntwerden<br \/>\nvon entsprechenden Rechtsverletzungen werden wir diese Inhalte umgehend entfernen.<\/p>\n<p><strong>Haftung f\u00fcr Links<\/strong><\/p>\n<p>Unser Angebot enth\u00e4lt Links zu externen Webseiten Dritter, auf<br \/>\nderen Inhalte wir keinen Einfluss haben. Deshalb k\u00f6nnen wir f\u00fcr diese fremden Inhalte auch<br \/>\nkeine Gew\u00e4hr \u00fcbernehmen. F\u00fcr die Inhalte der verlinkten Seiten ist stets der jeweilige<br \/>\nAnbieter oder Betreiber der Seiten verantwortlich. Die verlinkten Seiten wurden zum Zeitpunkt der<br \/>\nVerlinkung auf m\u00f6gliche Rechtsverst\u00f6\u00dfe \u00fcberpr\u00fcft. Rechtswidrige Inhalte<br \/>\nwaren zum Zeitpunkt der Verlinkung nicht erkennbar.<\/p>\n<p>Eine permanente inhaltliche Kontrolle der<br \/>\nverlinkten Seiten ist jedoch ohne konkrete Anhaltspunkte einer Rechtsverletzung nicht zumutbar. Bei<br \/>\nBekanntwerden von Rechtsverletzungen werden wir derartige Links umgehend entfernen.<\/p>\n<p><strong>Urheberrecht<\/strong><\/p>\n<p>Die durch die Seitenbetreiber erstellten Inhalte und Werke auf diesen Seiten<br \/>\nunterliegen dem deutschen Urheberrecht. Die Vervielf\u00e4ltigung, Bearbeitung, Verbreitung und jede<br \/>\nArt der Verwertung au\u00dferhalb der Grenzen des Urheberrechtes bed\u00fcrfen der schriftlichen<br \/>\nZustimmung des jeweiligen Autors bzw. Erstellers. Downloads und Kopien dieser Seite sind nur f\u00fcr<br \/>\nden privaten, nicht kommerziellen Gebrauch gestattet.<\/p>\n<p>Soweit die Inhalte auf dieser Seite nicht<br \/>\nvom Betreiber erstellt wurden, werden die Urheberrechte Dritter beachtet. Insbesondere werden Inhalte<br \/>\nDritter als solche gekennzeichnet. Sollten Sie trotzdem auf eine Urheberrechtsverletzung aufmerksam<br \/>\nwerden, bitten wir um einen entsprechenden Hinweis. Bei Bekanntwerden von Rechtsverletzungen<br \/>\nwerden wir derartige Inhalte umgehend entfernen.<\/p>\n<p>Quelle: <a href=\"https:\/\/www.e-recht24.de\"><br \/>\neRecht24<\/a><\/p>\n","protected":false},"excerpt":{"rendered":"<p>Angaben gem\u00e4\u00df \u00a7 5 TMG: Louis Schneider Happy Surf Hurghada Kreuzgasse 3 07743 Jena &nbsp; Tarek Eltayeb Mohamed Continental Hotel Hurghada El Fareek Youssef Affifi Street Hurghada Egypt Kontakt: Telefon: 004915773454574 E-Mail: surf.hurghada@gmail.com &nbsp; Streitschlichtung Wir sind nicht bereit oder verpflichtet, an Streitbeilegungsverfahren vor einer Verbraucherschlichtungsstelle teilzunehmen. Haftung f\u00fcr Inhalte Als Diensteanbieter sind wir gem\u00e4\u00df&hellip;<a href=\"https:\/\/happy-surf-hurghada.com\/index.php\/de\/impressum\/\" class=\"more-link\">Continue reading <span class=\"screen-reader-text\">Impressum<\/span><\/a><\/p>\n","protected":false},"author":1,"featured_media":0,"parent":0,"menu_order":0,"comment_status":"closed","ping_status":"closed","template":"","meta":{"footnotes":""},"_links":{"self":[{"href":"https:\/\/happy-surf-hurghada.com\/index.php\/wp-json\/wp\/v2\/pages\/253"}],"collection":[{"href":"https:\/\/happy-surf-hurghada.com\/index.php\/wp-json\/wp\/v2\/pages"}],"about":[{"href":"https:\/\/happy-surf-hurghada.com\/index.php\/wp-json\/wp\/v2\/types\/page"}],"author":[{"embeddable":true,"href":"https:\/\/happy-surf-hurghada.com\/index.php\/wp-json\/wp\/v2\/users\/1"}],"replies":[{"embeddable":true,"href":"https:\/\/happy-surf-hurghada.com\/index.php\/wp-json\/wp\/v2\/comments?post=253"}],"version-history":[{"count":6,"href":"https:\/\/happy-surf-hurghada.com\/index.php\/wp-json\/wp\/v2\/pages\/253\/revisions"}],"predecessor-version":[{"id":275,"href":"https:\/\/happy-surf-hurghada.com\/index.php\/wp-json\/wp\/v2\/pages\/253\/revisions\/275"}],"wp:attachment":[{"href":"https:\/\/happy-surf-hurghada.com\/index.php\/wp-json\/wp\/v2\/media?parent=253"}],"curies":[{"name":"wp","href":"https:\/\/api.w.org\/{rel}","templated":true}]}}