{"id":125,"date":"2017-10-12T10:14:07","date_gmt":"2017-10-12T08:14:07","guid":{"rendered":"http:\/\/happy-surf-hurghada.com\/?page_id=125"},"modified":"2017-10-23T18:08:14","modified_gmt":"2017-10-23T16:08:14","slug":"wo-sind-wir","status":"publish","type":"page","link":"https:\/\/happy-surf-hurghada.com\/index.php\/de\/wo-sind-wir\/","title":{"rendered":"Wo sind Wir"},"content":{"rendered":"<p style=\"text-align: center;\">Du findest uns im Hafen des Continental Hotel Hurghada.<\/p>\n<p style=\"text-align: center;\">Mit dem Taxi kannst du bis zur Pforte vorfahren. Dann gehst du geradewegs auf das Hotel zu. Vor dem Hotel geht links eine Stra\u00dfe zum Hafen. Im Hafen h\u00e4lst du dich rechts. Jetzt bist du da.<\/p>\n<p style=\"text-align: center;\">Falls der Pf\u00f6rtner dich anspricht, sag ihm, du willst zu Tarek Windsurfen.<\/p>\n<p style=\"text-align: center;\">Taxifahrer kennen h\u00e4ufig den alten Namen des Hotels: Moevenpick. Das Steigenberger Hotel ist direkt daneben, das kannst du auch als Ziel angeben.<\/p>\n<p>[robo-gallery id=219]<\/p>\n\n<div class=\"google-maps-builder-wrap\">\n\n\t<div id=\"google-maps-builder-185\" class=\"google-maps-builder\"  data-map-id=\"185\" style=\"width:100%; height:600px\"><\/div>\n\n\t\n<\/div>\n\n","protected":false},"excerpt":{"rendered":"<p>Du findest uns im Hafen des Continental Hotel Hurghada. Mit dem Taxi kannst du bis zur Pforte vorfahren. Dann gehst du geradewegs auf das Hotel zu. Vor dem Hotel geht links eine Stra\u00dfe zum Hafen. Im Hafen h\u00e4lst du dich rechts. Jetzt bist du da. Falls der Pf\u00f6rtner dich anspricht, sag ihm, du willst zu&hellip;<a href=\"https:\/\/happy-surf-hurghada.com\/index.php\/de\/wo-sind-wir\/\" class=\"more-link\">Continue reading <span class=\"screen-reader-text\">Wo sind Wir<\/span><\/a><\/p>\n","protected":false},"author":1,"featured_media":0,"parent":0,"menu_order":0,"comment_status":"closed","ping_status":"closed","template":"","meta":{"footnotes":""},"_links":{"self":[{"href":"https:\/\/happy-surf-hurghada.com\/index.php\/wp-json\/wp\/v2\/pages\/125"}],"collection":[{"href":"https:\/\/happy-surf-hurghada.com\/index.php\/wp-json\/wp\/v2\/pages"}],"about":[{"href":"https:\/\/happy-surf-hurghada.com\/index.php\/wp-json\/wp\/v2\/types\/page"}],"author":[{"embeddable":true,"href":"https:\/\/happy-surf-hurghada.com\/index.php\/wp-json\/wp\/v2\/users\/1"}],"replies":[{"embeddable":true,"href":"https:\/\/happy-surf-hurghada.com\/index.php\/wp-json\/wp\/v2\/comments?post=125"}],"version-history":[{"count":3,"href":"https:\/\/happy-surf-hurghada.com\/index.php\/wp-json\/wp\/v2\/pages\/125\/revisions"}],"predecessor-version":[{"id":228,"href":"https:\/\/happy-surf-hurghada.com\/index.php\/wp-json\/wp\/v2\/pages\/125\/revisions\/228"}],"wp:attachment":[{"href":"https:\/\/happy-surf-hurghada.com\/index.php\/wp-json\/wp\/v2\/media?parent=125"}],"curies":[{"name":"wp","href":"https:\/\/api.w.org\/{rel}","templated":true}]}}